{"id":718,"date":"2022-11-11T11:22:20","date_gmt":"2022-11-11T11:22:20","guid":{"rendered":"https:\/\/futurexplorations.com\/politica-de-privacidad\/"},"modified":"2022-11-23T12:32:55","modified_gmt":"2022-11-23T12:32:55","slug":"politica-de-privacidad","status":"publish","type":"page","link":"https:\/\/futurexplorations.com\/en\/politica-de-privacidad\/","title":{"rendered":"Privacy Policy"},"content":{"rendered":"<style>.elementor-718 .elementor-element.elementor-element-3cf6c24{padding:20px 20px 20px 20px;}.elementor-widget-text-editor{font-family:var( --e-global-typography-text-font-family ), Sans-serif;font-size:var( --e-global-typography-text-font-size );font-weight:var( --e-global-typography-text-font-weight );color:var( --e-global-color-text );}.elementor-widget-text-editor.elementor-drop-cap-view-stacked .elementor-drop-cap{background-color:var( --e-global-color-primary );}.elementor-widget-text-editor.elementor-drop-cap-view-framed .elementor-drop-cap, .elementor-widget-text-editor.elementor-drop-cap-view-default .elementor-drop-cap{color:var( --e-global-color-primary );border-color:var( --e-global-color-primary );}@media(max-width:1024px){.elementor-widget-text-editor{font-size:var( --e-global-typography-text-font-size );}}@media(max-width:767px){.elementor-widget-text-editor{font-size:var( --e-global-typography-text-font-size );}}<\/style>\t\t<div data-elementor-type=\"wp-page\" data-elementor-id=\"718\" class=\"elementor elementor-718\" data-elementor-post-type=\"page\">\n\t\t\t\t\t\t<section class=\"elementor-section elementor-top-section elementor-element elementor-element-3cf6c24 elementor-section-boxed elementor-section-height-default elementor-section-height-default\" data-id=\"3cf6c24\" data-element_type=\"section\" data-e-type=\"section\">\n\t\t\t\t\t\t<div class=\"elementor-container elementor-column-gap-default\">\n\t\t\t\t\t<div class=\"elementor-column elementor-col-100 elementor-top-column elementor-element elementor-element-aae1efd\" data-id=\"aae1efd\" data-element_type=\"column\" data-e-type=\"column\">\n\t\t\t<div class=\"elementor-widget-wrap elementor-element-populated\">\n\t\t\t\t\t\t<div class=\"elementor-element elementor-element-df4cc20 elementor-widget elementor-widget-text-editor\" data-id=\"df4cc20\" data-element_type=\"widget\" data-e-type=\"widget\" data-widget_type=\"text-editor.default\">\n\t\t\t\t<div class=\"elementor-widget-container\">\n\t\t\t\t\t\t\t\t\t<p><span style=\"font-weight: 400;\">De conformidad con lo establecido en la normativa vigente en Protecci\u00f3n de Datos de Car\u00e1cter Personal (RGPD) y la Ley 34\/2002, de 11 de julio, de Servicios de la Sociedad de la Informaci\u00f3n y de Comercio Electr\u00f3nico (LSSI-CE), VICTOR G. MARTINEZ PEREZ informa a los usuarios, que ha procedido a crear un perfil en las Redes Sociales Linkedin y Twitter, con la finalidad principal de publicitar sus productos y servicios.\u00a0<\/span><\/p><p><span style=\"font-weight: 400;\">Datos de VICTOR G. MARTINEZ PEREZ:\u00a0<\/span><\/p><ul><li style=\"font-weight: 400;\" aria-level=\"1\"><span style=\"font-weight: 400;\">CORREO ELECTR\u00d3NICO: hola@futurexplorations.com\u00a0<\/span><\/li><li style=\"font-weight: 400;\" aria-level=\"1\"><span style=\"font-weight: 400;\">DOMINIO WEB: WWW.FUTUREXPLORATIONS.COM\u00a0<\/span><\/li><\/ul><p><span style=\"font-weight: 400;\">El usuario dispone de un perfil en la misma Red Social y ha decidido unirse a la p\u00e1gina creada por VICTOR G. MARTINEZ PEREZ, mostrando as\u00ed inter\u00e9s en la informaci\u00f3n que se publicite en la Red. Al unirse a nuestra p\u00e1gina, nos facilita su consentimiento para el tratamiento de aquellos datos personales publicados en su perfil.\u00a0<\/span><\/p><p><span style=\"font-weight: 400;\">El usuario puede acceder en todo momento a las pol\u00edticas de privacidad de la propia Red Social, as\u00ed como configurar su perfil para garantizar su privacidad.\u00a0<\/span><\/p><p><span style=\"font-weight: 400;\">VICTOR G. MARTINEZ PEREZ tiene acceso y trata aquella informaci\u00f3n p\u00fablica del usuario, en especial, su nombre de contacto. Estos datos, s\u00f3lo son utilizados dentro de la propia Red Social. No son incorporados a ning\u00fan sistema de tratamiento.\u00a0<\/span><\/p><p><span style=\"font-weight: 400;\">En relaci\u00f3n a los derechos de acceso, rectificaci\u00f3n, limitaci\u00f3n de tratamiento, supresi\u00f3n, portabilidad y oposici\u00f3n al tratamiento de sus datos de car\u00e1cter personal, de los que usted dispone y que pueden ser ejercitados ante VICTOR G. MARTINEZ PEREZ, de acuerdo con el RGPD, debe tener en cuenta los siguientes matices:\u00a0<\/span><\/p><p><span style=\"font-weight: 400;\">Derecho de Acceso: Es el derecho del usuario a obtener informaci\u00f3n sobre sus datos concretos de car\u00e1cter personal y del tratamiento que se haya realizado o realice, as\u00ed como de la informaci\u00f3n disponible sobre el origen de dichos datos y las comunicaciones realizadas o previstas de los mismos.\u00a0<\/span><\/p><p><span style=\"font-weight: 400;\">Derecho de Rectificaci\u00f3n: Es el derecho del afectado a que se modifiquen los datos que resulten ser inexactos o incompletos. S\u00f3lo podr\u00e1 satisfacerse en relaci\u00f3n a aquella informaci\u00f3n que se encuentre bajo el control de VICTOR G. MARTINEZ PEREZ, por ejemplo, eliminar comentarios publicados en la propia p\u00e1gina, im\u00e1genes o contenidos web donde consten datos de car\u00e1cter personal del usuario.\u00a0<\/span><\/p><p><span style=\"font-weight: 400;\">Derecho a la Limitaci\u00f3n de tratamiento: Es el derecho a que se limiten los fines del tratamiento previstos de forma original por el responsable del tratamiento.\u00a0<\/span><\/p><p><span style=\"font-weight: 400;\">Derecho de Supresi\u00f3n: Es el derecho a suprimir los datos de car\u00e1cter personal del usuario, a excepci\u00f3n de lo previsto en el propio RGPD o en otras normativas aplicables que determinen la obligatoriedad de la conservaci\u00f3n de los mismos, en tiempo y forma.\u00a0<\/span><\/p><p><span style=\"font-weight: 400;\">Derecho de portabilidad: El derecho a recibir los datos personales que el usuario haya facilitado, en un formato estructurado, de uso com\u00fan y lectura mec\u00e1nica, y a transmitirlos a otro responsable.\u00a0<\/span><\/p><p><span style=\"font-weight: 400;\">Derecho de Oposici\u00f3n: Es el derecho del usuario a que no se lleve a cabo el tratamiento de sus datos de car\u00e1cter personal o se cese el tratamiento de los mismos por parte de VICTOR G. MARTINEZ PEREZ.\u00a0<\/span><\/p><p><span style=\"font-weight: 400;\">VICTOR G. MARTINEZ PEREZ realizar\u00e1 las siguientes actuaciones:\u00a0<\/span><\/p><ul><li style=\"font-weight: 400;\" aria-level=\"1\"><span style=\"font-weight: 400;\">Acceso a la informaci\u00f3n p\u00fablica del perfil.\u00a0<\/span><\/li><li style=\"font-weight: 400;\" aria-level=\"1\"><span style=\"font-weight: 400;\">Publicaci\u00f3n en el perfil del usuario de toda aquella informaci\u00f3n ya publicada en la p\u00e1gina de VICTOR G. MARTINEZ PEREZ.\u00a0<\/span><\/li><li style=\"font-weight: 400;\" aria-level=\"1\"><span style=\"font-weight: 400;\">Enviar mensajes personales e individuales a trav\u00e9s de los canales de la Red Social.\u00a0<\/span><\/li><li style=\"font-weight: 400;\" aria-level=\"1\"><span style=\"font-weight: 400;\">Actualizaciones del estado de la p\u00e1gina que se publicar\u00e1n en el perfil del usuario.\u00a0<\/span><\/li><\/ul><p><span style=\"font-weight: 400;\">El usuario siempre puede controlar sus conexiones, eliminar los contenidos que dejen de interesarle y restringir con qui\u00e9n comparte sus conexiones, para ello deber\u00e1 acceder a su configuraci\u00f3n de privacidad.\u00a0<\/span><\/p><p><span style=\"font-weight: 400;\">\u00a0<\/span><\/p><h2><b>Publicaciones\u00a0<\/b><\/h2><p><span style=\"font-weight: 400;\">El usuario, una vez unido a la p\u00e1gina de VICTOR G. MARTINEZ PEREZ, podr\u00e1 publicar en \u00e9sta \u00faltima comentarios, enlaces, im\u00e1genes o fotograf\u00edas o cualquier otro tipo de contenido multimedia soportado por la Red Social. El usuario, en todos los casos, debe ser el titular de los mismos, gozar de los derechos de autor y de propiedad intelectual o contar con el consentimiento de los terceros afectados. Se proh\u00edbe expresamente cualquier publicaci\u00f3n en la p\u00e1gina, ya sean textos, gr\u00e1ficos, fotograf\u00edas, v\u00eddeos, etc. que atenten o sean susceptibles de atentar contra la moral, la \u00e9tica, el buen gusto o el decoro, y\/o que infrinjan, violen o quebranten los derechos de propiedad intelectual o industrial, el derecho a la imagen o la Ley. En estos casos, VICTOR G. MARTINEZ PEREZ se reserva el derecho a retirar de inmediato el contenido, pudiendo solicitar el bloqueo permanente del usuario.\u00a0<\/span><\/p><p><span style=\"font-weight: 400;\">VICTOR G. MARTINEZ PEREZ no se har\u00e1 responsable de los contenidos que libremente ha publicado un usuario.\u00a0<\/span><\/p><p><span style=\"font-weight: 400;\">El usuario debe tener presente que sus publicaciones ser\u00e1n conocidas por los otros usuarios, por lo que \u00e9l mismo es el principal responsable de su privacidad.\u00a0<\/span><\/p><p><span style=\"font-weight: 400;\">Las im\u00e1genes que puedan publicarse en la p\u00e1gina no ser\u00e1n almacenadas en ning\u00fan sistema de tratamiento por parte de VICTOR G. MARTINEZ PEREZ, pero s\u00ed que permanecer\u00e1n en la Red Social.\u00a0<\/span><\/p><p><span style=\"font-weight: 400;\">\u00a0<\/span><\/p><h2><b>Concursos y promociones\u00a0<\/b><\/h2><p><span style=\"font-weight: 400;\">VICTOR G. MARTINEZ PEREZ se reserva el derecho a realizar concursos y promociones, en los que podr\u00e1 participar el usuario unido a su p\u00e1gina. Las bases de cada uno de ellos, cuando se utilice para ello la plataforma de la Red Social, ser\u00e1n publicadas en la misma. Cumpliendo siempre con la LSSI-CE y con cualquier otra norma que le sea de aplicaci\u00f3n.\u00a0<\/span><\/p><p><span style=\"font-weight: 400;\">La Red Social no patrocina, avala ni administra, de modo alguno, ninguna de nuestras promociones, ni est\u00e1 asociada a ninguna de ellas.\u00a0<\/span><\/p><p><span style=\"font-weight: 400;\">\u00a0<\/span><\/p><h2><b>Publicidad\u00a0<\/b><\/h2><p><span style=\"font-weight: 400;\">VICTOR G. MARTINEZ PEREZ utilizar\u00e1 la Red Social para publicitar sus productos y servicios, en todo caso, si decide tratar sus datos de contacto para realizar acciones directas de prospecci\u00f3n comercial, ser\u00e1 siempre, cumpliendo con las exigencias legales del RGPD y de la LSSI-CE.\u00a0<\/span><\/p><p><span style=\"font-weight: 400;\">No se considerar\u00e1 publicidad el hecho de recomendar a otros usuarios la p\u00e1gina de VICTOR G. MARTINEZ PEREZ para que ellos tambi\u00e9n puedan disfrutar de las promociones o estar informados de su actividad.\u00a0<\/span><\/p><p><span style=\"font-weight: 400;\">A continuaci\u00f3n detallamos el enlace a la pol\u00edtica de privacidad de la Red Social:\u00a0<\/span><\/p><p><span style=\"font-weight: 400;\">Twitter:<\/span><a href=\"https:\/\/twitter.com\/es\/privacy\"> <span style=\"font-weight: 400;\">https:\/\/twitter.com\/es\/privacy<\/span><\/a><\/p><p><span style=\"font-weight: 400;\">Linkedin:<\/span><a href=\"http:\/\/www.linkedin.com\/legal\/privacy-policy?trk=hb_ft_priv\"> <span style=\"font-weight: 400;\">http:\/\/www.linkedin.com\/legal\/privacy-policy?trk=hb_ft_priv<\/span><\/a><\/p>\t\t\t\t\t\t\t\t<\/div>\n\t\t\t\t<\/div>\n\t\t\t\t\t<\/div>\n\t\t<\/div>\n\t\t\t\t\t<\/div>\n\t\t<\/section>\n\t\t\t\t<\/div>\n\t\t","protected":false},"excerpt":{"rendered":"<p>De conformidad con lo establecido en la normativa vigente en Protecci\u00f3n de Datos de Car\u00e1cter Personal (RGPD) y la Ley 34\/2002, de 11 de julio, de Servicios de la Sociedad de la Informaci\u00f3n y de Comercio Electr\u00f3nico (LSSI-CE), VICTOR G. MARTINEZ PEREZ informa a los usuarios, que ha procedido a crear un perfil en las [&hellip;]<\/p>\n","protected":false},"author":2,"featured_media":0,"parent":0,"menu_order":0,"comment_status":"closed","ping_status":"closed","template":"","meta":{"footnotes":""},"class_list":["post-718","page","type-page","status-publish","hentry"],"jetpack_sharing_enabled":true,"_links":{"self":[{"href":"https:\/\/futurexplorations.com\/en\/wp-json\/wp\/v2\/pages\/718","targetHints":{"allow":["GET"]}}],"collection":[{"href":"https:\/\/futurexplorations.com\/en\/wp-json\/wp\/v2\/pages"}],"about":[{"href":"https:\/\/futurexplorations.com\/en\/wp-json\/wp\/v2\/types\/page"}],"author":[{"embeddable":true,"href":"https:\/\/futurexplorations.com\/en\/wp-json\/wp\/v2\/users\/2"}],"replies":[{"embeddable":true,"href":"https:\/\/futurexplorations.com\/en\/wp-json\/wp\/v2\/comments?post=718"}],"version-history":[{"count":1,"href":"https:\/\/futurexplorations.com\/en\/wp-json\/wp\/v2\/pages\/718\/revisions"}],"predecessor-version":[{"id":721,"href":"https:\/\/futurexplorations.com\/en\/wp-json\/wp\/v2\/pages\/718\/revisions\/721"}],"wp:attachment":[{"href":"https:\/\/futurexplorations.com\/en\/wp-json\/wp\/v2\/media?parent=718"}],"curies":[{"name":"wp","href":"https:\/\/api.w.org\/{rel}","templated":true}]}}